{"id":108,"date":"2026-02-13T14:26:26","date_gmt":"2026-02-13T14:26:26","guid":{"rendered":"https:\/\/ibe.it-sittensen.de\/?page_id=108"},"modified":"2026-02-19T08:50:51","modified_gmt":"2026-02-19T08:50:51","slug":"startseite-2","status":"publish","type":"page","link":"https:\/\/ibe.it-sittensen.de\/","title":{"rendered":"Startseite"},"content":{"rendered":"\t\t<div data-elementor-type=\"wp-page\" data-elementor-id=\"108\" class=\"elementor elementor-108\" data-elementor-post-type=\"page\">\n\t\t\t\t<div class=\"elementor-element elementor-element-2f62d84 e-flex e-con-boxed wpr-particle-no wpr-jarallax-no wpr-parallax-no wpr-sticky-section-no e-con e-parent\" data-id=\"2f62d84\" data-element_type=\"container\" data-e-type=\"container\" data-settings=\"{&quot;background_background&quot;:&quot;classic&quot;}\">\n\t\t\t\t\t<div class=\"e-con-inner\">\n\t\t\t\t<div class=\"elementor-element elementor-element-9721515 elementor-widget elementor-widget-text-editor\" data-id=\"9721515\" data-element_type=\"widget\" data-e-type=\"widget\" data-widget_type=\"text-editor.default\">\n\t\t\t\t\t\t\t\t\t<p class=\"large grau-font\">Gro\u00dfe Ziele sind meist langwierig und kompliziert zu erreichen. In den Biogas-Beh\u00e4ltern finden dauerhaft \u201eOlympische Wettk\u00e4mpfe\u201c zwischen vielen Komponenten statt \u2013 alle \u201eKandidaten\u201c m\u00fcssen topfit sein um langfristig zu bestehen.<br \/>Die Aufgabe als Biogas-Optimierer besteht darin, jeden \u201eKandidaten\u201c zu analysieren, gezielt zu trainieren und optimal zu versorgen. Nur so ist sichergestellt, dass auch bei Ihnen schon bald die \u201eEffizienz-Goldmedaille\u201c am Fermenter h\u00e4ngen kann.<\/p>\t\t\t\t\t\t\t\t<\/div>\n\t\t\t\t\t<\/div>\n\t\t\t\t<\/div>\n\t\t<div class=\"elementor-element elementor-element-6e894fb e-flex e-con-boxed wpr-particle-no wpr-jarallax-no wpr-parallax-no wpr-sticky-section-no e-con e-parent\" data-id=\"6e894fb\" data-element_type=\"container\" data-e-type=\"container\" data-settings=\"{&quot;background_background&quot;:&quot;classic&quot;}\">\n\t\t\t\t\t<div class=\"e-con-inner\">\n\t\t<div class=\"elementor-element elementor-element-d51154f e-con-full e-flex wpr-particle-no wpr-jarallax-no wpr-parallax-no wpr-sticky-section-no elementor-invisible e-con e-child\" data-id=\"d51154f\" data-element_type=\"container\" data-e-type=\"container\" data-settings=\"{&quot;background_background&quot;:&quot;classic&quot;,&quot;animation&quot;:&quot;fadeInLeft&quot;,&quot;animation_delay&quot;:500}\">\n\t\t\t\t<div class=\"elementor-element elementor-element-4c34e90 elementor--h-position-left elementor--v-position-top elementor-arrows-position-inside elementor-pagination-position-inside elementor-widget elementor-widget-slides\" data-id=\"4c34e90\" data-element_type=\"widget\" data-e-type=\"widget\" data-settings=\"{&quot;navigation&quot;:&quot;both&quot;,&quot;autoplay&quot;:&quot;yes&quot;,&quot;pause_on_hover&quot;:&quot;yes&quot;,&quot;pause_on_interaction&quot;:&quot;yes&quot;,&quot;autoplay_speed&quot;:5000,&quot;infinite&quot;:&quot;yes&quot;,&quot;transition&quot;:&quot;slide&quot;,&quot;transition_speed&quot;:500}\" data-widget_type=\"slides.default\">\n\t\t\t\t\t\t\t\t\t\t<div class=\"elementor-slides-wrapper elementor-main-swiper swiper\" role=\"region\" aria-roledescription=\"carousel\" aria-label=\"Slider\" dir=\"ltr\" data-animation=\"fadeInUp\">\n\t\t\t\t<div class=\"swiper-wrapper elementor-slides\">\n\t\t\t\t\t\t\t\t\t\t<div class=\"elementor-repeater-item-99bf753 swiper-slide\" role=\"group\" aria-roledescription=\"slide\"><div class=\"swiper-slide-bg\"><\/div><a class=\"swiper-slide-inner\" href=\"https:\/\/ibe.it-sittensen.de\/?page_id=112\/#Energy-Kick\"><div class=\"swiper-slide-contents\"><div class=\"elementor-slide-heading\">Energy-Kick<\/div><div class=\"elementor-slide-description\">Spurenelemente<\/div><div  class=\"elementor-button elementor-slide-button elementor-size-xs\">Mehr erfahren<\/div><\/div><\/a><\/div>\t\t\t\t<\/div>\n\t\t\t\t\t\t\t<\/div>\n\t\t\t\t\t\t\t\t<\/div>\n\t\t\t\t<\/div>\n\t\t<div class=\"elementor-element elementor-element-3aa8efd e-con-full e-flex wpr-particle-no wpr-jarallax-no wpr-parallax-no wpr-sticky-section-no elementor-invisible e-con e-child\" data-id=\"3aa8efd\" data-element_type=\"container\" data-e-type=\"container\" data-settings=\"{&quot;background_background&quot;:&quot;classic&quot;,&quot;animation&quot;:&quot;fadeInUp&quot;,&quot;animation_delay&quot;:800}\">\n\t\t\t\t<div class=\"elementor-element elementor-element-bc4d497 elementor--h-position-left elementor--v-position-top elementor-arrows-position-inside elementor-pagination-position-inside elementor-widget elementor-widget-slides\" data-id=\"bc4d497\" data-element_type=\"widget\" data-e-type=\"widget\" data-settings=\"{&quot;navigation&quot;:&quot;both&quot;,&quot;autoplay&quot;:&quot;yes&quot;,&quot;pause_on_hover&quot;:&quot;yes&quot;,&quot;pause_on_interaction&quot;:&quot;yes&quot;,&quot;autoplay_speed&quot;:5000,&quot;infinite&quot;:&quot;yes&quot;,&quot;transition&quot;:&quot;slide&quot;,&quot;transition_speed&quot;:500}\" data-widget_type=\"slides.default\">\n\t\t\t\t\t\t\t\t\t\t<div class=\"elementor-slides-wrapper elementor-main-swiper swiper\" role=\"region\" aria-roledescription=\"carousel\" aria-label=\"Slider\" dir=\"ltr\" data-animation=\"fadeInUp\">\n\t\t\t\t<div class=\"swiper-wrapper elementor-slides\">\n\t\t\t\t\t\t\t\t\t\t<div class=\"elementor-repeater-item-99bf753 swiper-slide\" role=\"group\" aria-roledescription=\"slide\"><div class=\"swiper-slide-bg\"><\/div><a class=\"swiper-slide-inner\" href=\"https:\/\/ibe.it-sittensen.de\/?page_id=112\/#Naehr-Power\"><div class=\"swiper-slide-contents\"><div class=\"elementor-slide-heading\">N\u00e4hr-Power<\/div><div class=\"elementor-slide-description\">Eisenn\u00e4hrl\u00f6sung<\/div><div  class=\"elementor-button elementor-slide-button elementor-size-xs\">Mehr erfahren<\/div><\/div><\/a><\/div>\t\t\t\t<\/div>\n\t\t\t\t\t\t\t<\/div>\n\t\t\t\t\t\t\t\t<\/div>\n\t\t\t\t<\/div>\n\t\t<div class=\"elementor-element elementor-element-68fbd08 e-con-full e-flex wpr-particle-no wpr-jarallax-no wpr-parallax-no wpr-sticky-section-no elementor-invisible e-con e-child\" data-id=\"68fbd08\" data-element_type=\"container\" data-e-type=\"container\" data-settings=\"{&quot;background_background&quot;:&quot;classic&quot;,&quot;animation&quot;:&quot;fadeInRight&quot;,&quot;animation_delay&quot;:1100}\">\n\t\t\t\t<div class=\"elementor-element elementor-element-d2e0031 elementor--h-position-left elementor--v-position-top elementor-arrows-position-inside elementor-pagination-position-inside elementor-widget elementor-widget-slides\" data-id=\"d2e0031\" data-element_type=\"widget\" data-e-type=\"widget\" data-settings=\"{&quot;navigation&quot;:&quot;both&quot;,&quot;autoplay&quot;:&quot;yes&quot;,&quot;pause_on_hover&quot;:&quot;yes&quot;,&quot;pause_on_interaction&quot;:&quot;yes&quot;,&quot;autoplay_speed&quot;:5000,&quot;infinite&quot;:&quot;yes&quot;,&quot;transition&quot;:&quot;slide&quot;,&quot;transition_speed&quot;:500}\" data-widget_type=\"slides.default\">\n\t\t\t\t\t\t\t\t\t\t<div class=\"elementor-slides-wrapper elementor-main-swiper swiper\" role=\"region\" aria-roledescription=\"carousel\" aria-label=\"Slider\" dir=\"ltr\" data-animation=\"fadeInUp\">\n\t\t\t\t<div class=\"swiper-wrapper elementor-slides\">\n\t\t\t\t\t\t\t\t\t\t<div class=\"elementor-repeater-item-99bf753 swiper-slide\" role=\"group\" aria-roledescription=\"slide\"><div class=\"swiper-slide-bg\"><\/div><a class=\"swiper-slide-inner\" href=\"https:\/\/ibe.it-sittensen.de\/?page_id=112\/#Problem-Loeser\"><div class=\"swiper-slide-contents\"><div class=\"elementor-slide-heading\">Problem-L\u00f6ser<\/div><div class=\"elementor-slide-description\">Enzyme<\/div><div  class=\"elementor-button elementor-slide-button elementor-size-xs\">Mehr erfahren<\/div><\/div><\/a><\/div>\t\t\t\t<\/div>\n\t\t\t\t\t\t\t<\/div>\n\t\t\t\t\t\t\t\t<\/div>\n\t\t\t\t<\/div>\n\t\t\t\t\t<\/div>\n\t\t\t\t<\/div>\n\t\t<div class=\"elementor-element elementor-element-ed11e12 e-con-full e-flex wpr-particle-no wpr-jarallax-no wpr-parallax-no wpr-sticky-section-no e-con e-child\" data-id=\"ed11e12\" data-element_type=\"container\" data-e-type=\"container\">\n\t\t\t\t<div class=\"elementor-element elementor-element-89e01ea elementor-absolute elementor-invisible elementor-widget elementor-widget-image\" data-id=\"89e01ea\" data-element_type=\"widget\" data-e-type=\"widget\" data-settings=\"{&quot;_position&quot;:&quot;absolute&quot;,&quot;_animation&quot;:&quot;rotateInDownRight&quot;}\" data-widget_type=\"image.default\">\n\t\t\t\t\t\t\t\t\t\t\t\t\t\t\t\t<a href=\"https:\/\/ibe.it-sittensen.de\/?page_id=865\">\n\t\t\t\t\t\t\t<img fetchpriority=\"high\" decoding=\"async\" width=\"950\" height=\"950\" src=\"https:\/\/ibe.it-sittensen.de\/wp-content\/uploads\/2026\/02\/Pusher-Button-4-1024x1024.png\" class=\"attachment-large size-large wp-image-1106\" alt=\"\" srcset=\"https:\/\/ibe.it-sittensen.de\/wp-content\/uploads\/2026\/02\/Pusher-Button-4-1024x1024.png 1024w, https:\/\/ibe.it-sittensen.de\/wp-content\/uploads\/2026\/02\/Pusher-Button-4-300x300.png 300w, https:\/\/ibe.it-sittensen.de\/wp-content\/uploads\/2026\/02\/Pusher-Button-4-150x150.png 150w, https:\/\/ibe.it-sittensen.de\/wp-content\/uploads\/2026\/02\/Pusher-Button-4.png 1200w\" sizes=\"100vw\" \/>\t\t\t\t\t\t\t\t<\/a>\n\t\t\t\t\t\t\t\t\t\t\t\t\t\t\t<\/div>\n\t\t\t\t<\/div>\n\t\t\t\t<\/div>\n\t\t","protected":false},"excerpt":{"rendered":"<p>Gro\u00dfe Ziele sind meist langwierig und kompliziert zu erreichen. In den Biogas-Beh\u00e4ltern finden dauerhaft \u201eOlympische Wettk\u00e4mpfe\u201c zwischen vielen Komponenten statt \u2013 alle \u201eKandidaten\u201c m\u00fcssen topfit sein um langfristig zu bestehen.Die Aufgabe als Biogas-Optimierer besteht darin, jeden \u201eKandidaten\u201c zu analysieren, gezielt zu trainieren und optimal zu versorgen. Nur so ist sichergestellt, dass auch bei Ihnen schon bald die \u201eEffizienz-Goldmedaille\u201c am Fermenter h\u00e4ngen kann. Energy-KickSpurenelementeMehr erfahren N\u00e4hr-PowerEisenn\u00e4hrl\u00f6sungMehr erfahren Problem-L\u00f6serEnzymeMehr erfahren<\/p>\n","protected":false},"author":1,"featured_media":0,"parent":0,"menu_order":0,"comment_status":"open","ping_status":"closed","template":"elementor_header_footer","meta":{"_inspiro_hide_title":false,"footnotes":""},"class_list":["post-108","page","type-page","status-publish","hentry"],"_links":{"self":[{"href":"https:\/\/ibe.it-sittensen.de\/index.php?rest_route=\/wp\/v2\/pages\/108","targetHints":{"allow":["GET"]}}],"collection":[{"href":"https:\/\/ibe.it-sittensen.de\/index.php?rest_route=\/wp\/v2\/pages"}],"about":[{"href":"https:\/\/ibe.it-sittensen.de\/index.php?rest_route=\/wp\/v2\/types\/page"}],"author":[{"embeddable":true,"href":"https:\/\/ibe.it-sittensen.de\/index.php?rest_route=\/wp\/v2\/users\/1"}],"replies":[{"embeddable":true,"href":"https:\/\/ibe.it-sittensen.de\/index.php?rest_route=%2Fwp%2Fv2%2Fcomments&post=108"}],"version-history":[{"count":197,"href":"https:\/\/ibe.it-sittensen.de\/index.php?rest_route=\/wp\/v2\/pages\/108\/revisions"}],"predecessor-version":[{"id":1180,"href":"https:\/\/ibe.it-sittensen.de\/index.php?rest_route=\/wp\/v2\/pages\/108\/revisions\/1180"}],"wp:attachment":[{"href":"https:\/\/ibe.it-sittensen.de\/index.php?rest_route=%2Fwp%2Fv2%2Fmedia&parent=108"}],"curies":[{"name":"wp","href":"https:\/\/api.w.org\/{rel}","templated":true}]}}