{"id":112,"date":"2026-02-13T14:27:08","date_gmt":"2026-02-13T14:27:08","guid":{"rendered":"https:\/\/ibe.it-sittensen.de\/?page_id=112"},"modified":"2026-02-18T17:52:16","modified_gmt":"2026-02-18T17:52:16","slug":"leistungen","status":"publish","type":"page","link":"https:\/\/ibe.it-sittensen.de\/?page_id=112","title":{"rendered":"Leistungen"},"content":{"rendered":"\t\t<div data-elementor-type=\"wp-page\" data-elementor-id=\"112\" class=\"elementor elementor-112\" data-elementor-post-type=\"page\">\n\t\t\t\t<div class=\"elementor-element elementor-element-db4b50a e-con-full e-flex wpr-parallax-no wpr-sticky-section-no e-con e-parent\" data-id=\"db4b50a\" data-element_type=\"container\" data-e-type=\"container\" data-settings=\"{&quot;background_background&quot;:&quot;classic&quot;,&quot;shape_divider_bottom&quot;:&quot;mountains&quot;}\">\n\t\t\t\t<div class=\"elementor-shape elementor-shape-bottom\" aria-hidden=\"true\" data-negative=\"false\">\n\t\t\t<svg xmlns=\"http:\/\/www.w3.org\/2000\/svg\" viewBox=\"0 0 1000 100\" preserveAspectRatio=\"none\">\n\t<path class=\"elementor-shape-fill\" opacity=\"0.33\" d=\"M473,67.3c-203.9,88.3-263.1-34-320.3,0C66,119.1,0,59.7,0,59.7V0h1000v59.7 c0,0-62.1,26.1-94.9,29.3c-32.8,3.3-62.8-12.3-75.8-22.1C806,49.6,745.3,8.7,694.9,4.7S492.4,59,473,67.3z\"\/>\n\t<path class=\"elementor-shape-fill\" opacity=\"0.66\" d=\"M734,67.3c-45.5,0-77.2-23.2-129.1-39.1c-28.6-8.7-150.3-10.1-254,39.1 s-91.7-34.4-149.2,0C115.7,118.3,0,39.8,0,39.8V0h1000v36.5c0,0-28.2-18.5-92.1-18.5C810.2,18.1,775.7,67.3,734,67.3z\"\/>\n\t<path class=\"elementor-shape-fill\" d=\"M766.1,28.9c-200-57.5-266,65.5-395.1,19.5C242,1.8,242,5.4,184.8,20.6C128,35.8,132.3,44.9,89.9,52.5C28.6,63.7,0,0,0,0 h1000c0,0-9.9,40.9-83.6,48.1S829.6,47,766.1,28.9z\"\/>\n<\/svg>\t\t<\/div>\n\t\t\t\t<div class=\"elementor-element elementor-element-2ce4d2e elementor--h-position-center elementor--v-position-middle elementor-arrows-position-inside elementor-pagination-position-inside elementor-widget elementor-widget-slides\" data-id=\"2ce4d2e\" data-element_type=\"widget\" data-e-type=\"widget\" data-settings=\"{&quot;transition&quot;:&quot;fade&quot;,&quot;_animation&quot;:&quot;none&quot;,&quot;navigation&quot;:&quot;both&quot;,&quot;autoplay&quot;:&quot;yes&quot;,&quot;pause_on_interaction&quot;:&quot;yes&quot;,&quot;autoplay_speed&quot;:5000,&quot;infinite&quot;:&quot;yes&quot;,&quot;transition_speed&quot;:500}\" data-widget_type=\"slides.default\">\n\t\t\t\t\t\t\t\t\t\t<div class=\"elementor-slides-wrapper elementor-main-swiper swiper\" role=\"region\" aria-roledescription=\"carousel\" aria-label=\"Slider\" dir=\"ltr\" data-animation=\"\">\n\t\t\t\t<div class=\"swiper-wrapper elementor-slides\">\n\t\t\t\t\t\t\t\t\t\t<div class=\"elementor-repeater-item-422ace4 swiper-slide\" role=\"group\" aria-roledescription=\"slide\"><div class=\"swiper-slide-bg\" role=\"img\" aria-label=\"Leistungen\"><\/div><div class=\"elementor-background-overlay\"><\/div><div class=\"swiper-slide-inner\" ><div class=\"swiper-slide-contents\"><div class=\"elementor-slide-heading\">Leistungen<\/div><\/div><\/div><\/div>\t\t\t\t<\/div>\n\t\t\t\t\t\t\t<\/div>\n\t\t\t\t\t\t\t\t<\/div>\n\t\t\t\t<\/div>\n\t\t<div class=\"elementor-element elementor-element-e71800e e-flex e-con-boxed wpr-particle-no wpr-jarallax-no wpr-parallax-no wpr-sticky-section-no e-con e-parent\" data-id=\"e71800e\" data-element_type=\"container\" data-e-type=\"container\">\n\t\t\t\t\t<div class=\"e-con-inner\">\n\t\t<div class=\"elementor-element elementor-element-9ac9cef e-con-full e-flex wpr-particle-no wpr-jarallax-no wpr-parallax-no wpr-sticky-section-no elementor-invisible e-con e-child\" data-id=\"9ac9cef\" data-element_type=\"container\" data-e-type=\"container\" data-settings=\"{&quot;background_background&quot;:&quot;classic&quot;,&quot;animation&quot;:&quot;fadeInLeft&quot;}\">\n\t\t\t\t<div class=\"elementor-element elementor-element-c0abb06 elementor-widget elementor-widget-heading\" data-id=\"c0abb06\" data-element_type=\"widget\" data-e-type=\"widget\" data-widget_type=\"heading.default\">\n\t\t\t\t\t<h2 class=\"elementor-heading-title elementor-size-default\">BERATUNG<\/h2>\t\t\t\t<\/div>\n\t\t\t\t<div class=\"elementor-element elementor-element-f7e1f38 elementor-widget elementor-widget-text-editor\" data-id=\"f7e1f38\" data-element_type=\"widget\" data-e-type=\"widget\" data-widget_type=\"text-editor.default\">\n\t\t\t\t\t\t\t\t\t<div class=\"box weiss-font\"><p class=\"green-font\"><strong>Die genaue Analyse schafft Erfolge.<\/strong><\/p><p>Ein vertrauensvolles Gespr\u00e4ch vor Ort ist wichtig und n\u00f6tig f\u00fcr die Effizienz der sp\u00e4teren Ergebnisse. Fordern Sie uns und \u00fcberpr\u00fcfen Sie unser langj\u00e4hriges Knowhow. Referenzanlagen mit aussagekr\u00e4ftigen Zahlen nennen wir Ihnen gerne im pers\u00f6nlichen Gespr\u00e4ch.<\/p><\/div>\t\t\t\t\t\t\t\t<\/div>\n\t\t\t\t<\/div>\n\t\t<div class=\"elementor-element elementor-element-42ad3e7 e-con-full e-flex wpr-particle-no wpr-jarallax-no wpr-parallax-no wpr-sticky-section-no elementor-invisible e-con e-child\" data-id=\"42ad3e7\" data-element_type=\"container\" data-e-type=\"container\" data-settings=\"{&quot;background_background&quot;:&quot;classic&quot;,&quot;animation&quot;:&quot;fadeInDown&quot;}\">\n\t\t\t\t<div class=\"elementor-element elementor-element-54a09e7 elementor-widget elementor-widget-heading\" data-id=\"54a09e7\" data-element_type=\"widget\" data-e-type=\"widget\" data-widget_type=\"heading.default\">\n\t\t\t\t\t<h2 class=\"elementor-heading-title elementor-size-default\">WIRKSAMKEIT<\/h2>\t\t\t\t<\/div>\n\t\t\t\t<div class=\"elementor-element elementor-element-cb5b1e2 elementor-widget elementor-widget-text-editor\" data-id=\"cb5b1e2\" data-element_type=\"widget\" data-e-type=\"widget\" data-widget_type=\"text-editor.default\">\n\t\t\t\t\t\t\t\t\t<div class=\"box weiss-font\"><p class=\"green-font\"><strong>Die gezielte Steigerung der Bakterien-Popularit\u00e4t.<\/strong><\/p><p>\u201eZahlen, Daten, Fakten\u201c ist eine bew\u00e4hrte Kombination, die wir gerne nutzen und erl\u00e4utern. Sind nur ein paar Werte nicht so wie sie sein sollten, ist die Effektivit\u00e4t des Biogasprozesses erheblich gemindert. Mit gezielten Ma\u00dfnahmen erreichen wir gro\u00dfe Reaktionen<\/p><p class=\"trenner-blank-small\">\u00a0<\/p><\/div>\t\t\t\t\t\t\t\t<\/div>\n\t\t\t\t<\/div>\n\t\t<div class=\"elementor-element elementor-element-0c4991a e-con-full e-flex wpr-particle-no wpr-jarallax-no wpr-parallax-no wpr-sticky-section-no elementor-invisible e-con e-child\" data-id=\"0c4991a\" data-element_type=\"container\" data-e-type=\"container\" data-settings=\"{&quot;background_background&quot;:&quot;classic&quot;,&quot;animation&quot;:&quot;fadeInRight&quot;}\">\n\t\t\t\t<div class=\"elementor-element elementor-element-4255d58 elementor-widget elementor-widget-heading\" data-id=\"4255d58\" data-element_type=\"widget\" data-e-type=\"widget\" data-widget_type=\"heading.default\">\n\t\t\t\t\t<h2 class=\"elementor-heading-title elementor-size-default\">ZUSATZSTOFFE<\/h2>\t\t\t\t<\/div>\n\t\t\t\t<div class=\"elementor-element elementor-element-cbf7cd2 elementor-widget elementor-widget-text-editor\" data-id=\"cbf7cd2\" data-element_type=\"widget\" data-e-type=\"widget\" data-widget_type=\"text-editor.default\">\n\t\t\t\t\t\t\t\t\t<div class=\"box weiss-font\"><p class=\"green-font\"><strong>Die Fl\u00fcssigkeit zu Ihrem Erfolg.<\/strong><\/p><p>Wir sind ein konsequenter Bef\u00fcrworter der Leistungssteigerung. Alle unsere Bem\u00fchungen sind f\u00fcr Sie darauf ausgerichtet. Ihr Einsatz von Substraten und Zus\u00e4tzen, aber auch Ihr Eigenstromverbrauch kann sich noch effektiver gestalten lassen \u2013 seien Sie gespannt.<\/p><\/div>\t\t\t\t\t\t\t\t<\/div>\n\t\t\t\t<\/div>\n\t\t\t\t\t<\/div>\n\t\t\t\t<\/div>\n\t\t<div class=\"elementor-element elementor-element-d185106 e-flex e-con-boxed wpr-particle-no wpr-jarallax-no wpr-parallax-no wpr-sticky-section-no e-con e-parent\" data-id=\"d185106\" data-element_type=\"container\" data-e-type=\"container\">\n\t\t\t\t\t<div class=\"e-con-inner\">\n\t\t<div class=\"elementor-element elementor-element-5714920 e-con-full e-flex wpr-particle-no wpr-jarallax-no wpr-parallax-no wpr-sticky-section-no e-con e-child\" data-id=\"5714920\" data-element_type=\"container\" data-e-type=\"container\" data-settings=\"{&quot;background_background&quot;:&quot;classic&quot;}\">\n\t\t\t\t<div class=\"elementor-element elementor-element-eb43c29 elementor-widget elementor-widget-image\" data-id=\"eb43c29\" data-element_type=\"widget\" data-e-type=\"widget\" data-widget_type=\"image.default\">\n\t\t\t\t\t\t\t\t\t\t\t\t\t\t\t<img fetchpriority=\"high\" decoding=\"async\" width=\"600\" height=\"600\" src=\"https:\/\/ibe.it-sittensen.de\/wp-content\/uploads\/2026\/02\/spurenelemente-bild.jpg\" class=\"attachment-full size-full wp-image-324\" alt=\"\" srcset=\"https:\/\/ibe.it-sittensen.de\/wp-content\/uploads\/2026\/02\/spurenelemente-bild.jpg 600w, https:\/\/ibe.it-sittensen.de\/wp-content\/uploads\/2026\/02\/spurenelemente-bild-300x300.jpg 300w, https:\/\/ibe.it-sittensen.de\/wp-content\/uploads\/2026\/02\/spurenelemente-bild-150x150.jpg 150w\" sizes=\"100vw\" \/>\t\t\t\t\t\t\t\t\t\t\t\t\t\t\t<\/div>\n\t\t\t\t<\/div>\n\t\t<div class=\"elementor-element elementor-element-69fa77a e-con-full e-flex wpr-particle-no wpr-jarallax-no wpr-parallax-no wpr-sticky-section-no e-con e-child\" data-id=\"69fa77a\" data-element_type=\"container\" data-e-type=\"container\" data-settings=\"{&quot;background_background&quot;:&quot;classic&quot;}\">\n\t\t\t\t<div class=\"elementor-element elementor-element-4c01d66 elementor-widget elementor-widget-menu-anchor\" data-id=\"4c01d66\" data-element_type=\"widget\" data-e-type=\"widget\" data-widget_type=\"menu-anchor.default\">\n\t\t\t\t\t\t\t<div class=\"elementor-menu-anchor\" id=\"Energy-Kick\"><\/div>\n\t\t\t\t\t\t<\/div>\n\t\t\t\t<div class=\"elementor-element elementor-element-124ae3e elementor-widget elementor-widget-heading\" data-id=\"124ae3e\" data-element_type=\"widget\" data-e-type=\"widget\" data-widget_type=\"heading.default\">\n\t\t\t\t\t<h2 class=\"elementor-heading-title elementor-size-default\">Spurenelemente<\/h2>\t\t\t\t<\/div>\n\t\t\t\t<div class=\"elementor-element elementor-element-cef253a elementor-widget elementor-widget-text-editor\" data-id=\"cef253a\" data-element_type=\"widget\" data-e-type=\"widget\" data-widget_type=\"text-editor.default\">\n\t\t\t\t\t\t\t\t\t<div class=\"box weiss-font\"><p class=\"weiss-font\"><strong>Der Energy-Kick f\u00fcr Ihre Produktion<\/strong><\/p><p>Die ChepeX-Reihe gl\u00e4nzt mit h\u00f6chster biologischer Verf\u00fcgbarkeit <br \/>in Verbindung mit kleinsten Zugaben und individueller Anmischung.<\/p><p>Chelate und die fl\u00fcssige Form ergeben eine perfekte Synergie und sind aktuell un\u00fcbertroffen.<\/p><p>Abgef\u00fcllt in 20L-, 200L- und 1.000L-Gebinden k\u00f6nnen diese ohne gr\u00f6\u00dferen Aufwand geliefert werden und Ihrer Anlage zu H\u00f6chstleistung verhelfen.<\/p><\/div>\t\t\t\t\t\t\t\t<\/div>\n\t\t\t\t<\/div>\n\t\t\t\t\t<\/div>\n\t\t\t\t<\/div>\n\t\t<div class=\"elementor-element elementor-element-8a6ef37 e-flex e-con-boxed wpr-particle-no wpr-jarallax-no wpr-parallax-no wpr-sticky-section-no e-con e-parent\" data-id=\"8a6ef37\" data-element_type=\"container\" data-e-type=\"container\">\n\t\t\t\t\t<div class=\"e-con-inner\">\n\t\t<div class=\"elementor-element elementor-element-9401f6e e-con-full e-flex wpr-particle-no wpr-jarallax-no wpr-parallax-no wpr-sticky-section-no e-con e-child\" data-id=\"9401f6e\" data-element_type=\"container\" data-e-type=\"container\" data-settings=\"{&quot;background_background&quot;:&quot;classic&quot;}\">\n\t\t\t\t<div class=\"elementor-element elementor-element-f79a8a6 elementor-widget elementor-widget-image\" data-id=\"f79a8a6\" data-element_type=\"widget\" data-e-type=\"widget\" data-widget_type=\"image.default\">\n\t\t\t\t\t\t\t\t\t\t\t\t\t\t\t<img decoding=\"async\" width=\"600\" height=\"600\" src=\"https:\/\/ibe.it-sittensen.de\/wp-content\/uploads\/2026\/02\/eisen-bild.jpg\" class=\"attachment-full size-full wp-image-322\" alt=\"\" srcset=\"https:\/\/ibe.it-sittensen.de\/wp-content\/uploads\/2026\/02\/eisen-bild.jpg 600w, https:\/\/ibe.it-sittensen.de\/wp-content\/uploads\/2026\/02\/eisen-bild-300x300.jpg 300w, https:\/\/ibe.it-sittensen.de\/wp-content\/uploads\/2026\/02\/eisen-bild-150x150.jpg 150w\" sizes=\"100vw\" \/>\t\t\t\t\t\t\t\t\t\t\t\t\t\t\t<\/div>\n\t\t\t\t<\/div>\n\t\t<div class=\"elementor-element elementor-element-3f2b836 e-con-full e-flex wpr-particle-no wpr-jarallax-no wpr-parallax-no wpr-sticky-section-no e-con e-child\" data-id=\"3f2b836\" data-element_type=\"container\" data-e-type=\"container\" data-settings=\"{&quot;background_background&quot;:&quot;classic&quot;}\">\n\t\t\t\t<div class=\"elementor-element elementor-element-4f44bf9 elementor-widget elementor-widget-menu-anchor\" data-id=\"4f44bf9\" data-element_type=\"widget\" data-e-type=\"widget\" data-widget_type=\"menu-anchor.default\">\n\t\t\t\t\t\t\t<div class=\"elementor-menu-anchor\" id=\"Naehr-Power\"><\/div>\n\t\t\t\t\t\t<\/div>\n\t\t\t\t<div class=\"elementor-element elementor-element-b89b417 elementor-widget elementor-widget-heading\" data-id=\"b89b417\" data-element_type=\"widget\" data-e-type=\"widget\" data-widget_type=\"heading.default\">\n\t\t\t\t\t<h2 class=\"elementor-heading-title elementor-size-default\">EISENN\u00c4HRL\u00d6SUNG<\/h2>\t\t\t\t<\/div>\n\t\t\t\t<div class=\"elementor-element elementor-element-9957498 elementor-widget elementor-widget-text-editor\" data-id=\"9957498\" data-element_type=\"widget\" data-e-type=\"widget\" data-widget_type=\"text-editor.default\">\n\t\t\t\t\t\t\t\t\t<div class=\"box weiss-font\"><p class=\"weiss-font\"><strong>Anlagenschutz und Leistungssicherheit durch Schwefelbindung.<\/strong><\/p><div class=\"box weiss-font\"><p>FENACH ist ein fl\u00fcssiges hocheffizientes Eisenpr\u00e4parat, welches mit Reinheit gl\u00e4nzt. Es ist optimal geeignet f\u00fcr den Einsatz in Kombination mit Spurenelement-Chelaten.<\/p><p>Abgef\u00fcllt in 20L-, 200L- und 1.000L-Gebinden zu erhalten.<\/p><p>Zahlen, Daten, Fakten: 7,3% Eisengehalt, pH-Wert 7-8, nicht korrosiv, kein Gefahrgut, frostfrei lagern.<\/p><p>Betriebswirtschaftlich Sinnvoll!<\/p><p class=\"weiss-font\"><strong>Eisenschlamm:<\/strong><\/p><p>Parameter: erdfeuchtes Eisenhydroxid zur zeitnahen und professionellen Entschwefelung, mit kr\u00fcmeliger, fester Struktur und rot-schwarzbrauner F\u00e4rbung. Der Eisengehalt betr\u00e4gt mindestens 310 g pro kg. Entspricht den Qualit\u00e4tsanforderungen der D\u00fcMV, st\u00e4ndige Kontrolle durch Eurofins<\/p><p class=\"weiss-font\"><strong>Eisen III Hydroxid:<\/strong><\/p><p><em>FEONX sorb<\/em><\/p><p>Parameter: Eisen mit hoher Reinheit, hohe Konzentration von amorphem Eisen &#8211; wenig Sedimente, hohe Pufferwirkung, sch\u00fcttig, wenig staubend, trocken und lagerf\u00e4hig, entspricht der D\u00fcngemittelverordnung.<\/p><p><em>Eisen(II)-chlorid<\/em><\/p><p>Parameter: gr\u00fcne, fl\u00fcssige, hocheffiziente L\u00f6sung mit 20% FeCl2 und 3% MnCl2, schnell und selektive F\u00e4llungsreaktion, Eisensulfidf\u00e4llung unmittelbar im G\u00e4rsubstrat, individuelle Dosierung, pH-Wert \u22641, korrosiv, frostfrei Lagern, ab -15\u00b0C beginnende Kristallisation<\/p><\/div><\/div>\t\t\t\t\t\t\t\t<\/div>\n\t\t\t\t<\/div>\n\t\t\t\t\t<\/div>\n\t\t\t\t<\/div>\n\t\t<div class=\"elementor-element elementor-element-d07a62a e-flex e-con-boxed wpr-particle-no wpr-jarallax-no wpr-parallax-no wpr-sticky-section-no e-con e-parent\" data-id=\"d07a62a\" data-element_type=\"container\" data-e-type=\"container\">\n\t\t\t\t\t<div class=\"e-con-inner\">\n\t\t<div class=\"elementor-element elementor-element-7c3e1bf e-con-full e-flex wpr-particle-no wpr-jarallax-no wpr-parallax-no wpr-sticky-section-no e-con e-child\" data-id=\"7c3e1bf\" data-element_type=\"container\" data-e-type=\"container\" data-settings=\"{&quot;background_background&quot;:&quot;classic&quot;}\">\n\t\t\t\t<div class=\"elementor-element elementor-element-8042aac elementor-widget elementor-widget-image\" data-id=\"8042aac\" data-element_type=\"widget\" data-e-type=\"widget\" data-widget_type=\"image.default\">\n\t\t\t\t\t\t\t\t\t\t\t\t\t\t\t<img decoding=\"async\" width=\"600\" height=\"600\" src=\"https:\/\/ibe.it-sittensen.de\/wp-content\/uploads\/2026\/02\/enzyme-bild.jpg\" class=\"attachment-full size-full wp-image-323\" alt=\"\" srcset=\"https:\/\/ibe.it-sittensen.de\/wp-content\/uploads\/2026\/02\/enzyme-bild.jpg 600w, https:\/\/ibe.it-sittensen.de\/wp-content\/uploads\/2026\/02\/enzyme-bild-300x300.jpg 300w, https:\/\/ibe.it-sittensen.de\/wp-content\/uploads\/2026\/02\/enzyme-bild-150x150.jpg 150w\" sizes=\"100vw\" \/>\t\t\t\t\t\t\t\t\t\t\t\t\t\t\t<\/div>\n\t\t\t\t<\/div>\n\t\t<div class=\"elementor-element elementor-element-e0f1d64 e-con-full e-flex wpr-particle-no wpr-jarallax-no wpr-parallax-no wpr-sticky-section-no e-con e-child\" data-id=\"e0f1d64\" data-element_type=\"container\" data-e-type=\"container\" data-settings=\"{&quot;background_background&quot;:&quot;classic&quot;}\">\n\t\t\t\t<div class=\"elementor-element elementor-element-5adeca0 elementor-widget elementor-widget-menu-anchor\" data-id=\"5adeca0\" data-element_type=\"widget\" data-e-type=\"widget\" data-widget_type=\"menu-anchor.default\">\n\t\t\t\t\t\t\t<div class=\"elementor-menu-anchor\" id=\"Problem-Loeser\"><\/div>\n\t\t\t\t\t\t<\/div>\n\t\t\t\t<div class=\"elementor-element elementor-element-53c440d elementor-widget elementor-widget-heading\" data-id=\"53c440d\" data-element_type=\"widget\" data-e-type=\"widget\" data-widget_type=\"heading.default\">\n\t\t\t\t\t<h2 class=\"elementor-heading-title elementor-size-default\">ENZYME<\/h2>\t\t\t\t<\/div>\n\t\t\t\t<div class=\"elementor-element elementor-element-93118c0 elementor-widget elementor-widget-text-editor\" data-id=\"93118c0\" data-element_type=\"widget\" data-e-type=\"widget\" data-widget_type=\"text-editor.default\">\n\t\t\t\t\t\t\t\t\t<div class=\"box weiss-font\"><p class=\"weiss-font\"><strong>Bessere Substratnutzung<\/strong><\/p><div class=\"box weiss-font\"><p>Enzyme sind hoch aktive Biokatalysatoren, die den Aufschluss von Pflanzenfasern im Biogasprozess beschleunigen. Ben\u00f6tigt werden Produkte mit geeigneten Enzymprofilen, d.h. Cellulasen und Hemicellulasen, die temperatur- und prozessstabil sind sowie optimale Aktivit\u00e4ten bei den im Biogasfermenter vorherrschenden pH-Werten aufweisen.<\/p><p>Speziell f\u00fcr den Einsatz in Biogasanlagen entwickelte Enzyme machen den Unterschied!<\/p><p class=\"weiss-font\"><strong>Aktive Probleml\u00f6sungen<\/strong><\/p><p>Hoch visk\u00f6se Fermenterinhalte, u.a. durch Einsatz von Getreide-GPS und bestimmten Wirtschaftsd\u00fcngern f\u00fchren zur verminderter Leistung und hohem Eigenstrombedarf. Oftmals bilden sich Schwimm-Sink-Schichten, die inaktiv sind und am Geschehen im Biogasprozess nicht teilnehmen. Die richtigen Enzymprodukte k\u00f6nnen hier als biotechnologische Probleml\u00f6ser entscheidend helfen.<\/p><p>Unser Partner Biopract ABT GmbH hat die richtigen Antworten:<\/p><p class=\"weiss-font\"><strong>Enzyme der MethaPract\u00ae Serie<\/strong><\/p><p>f\u00fcr die optimale Verg\u00e4rung von pflanzlichen Substraten<\/p><p class=\"weiss-font\"><strong>Enzyme der UltraPract\u00ae Serie<\/strong><\/p><p>f\u00fcr Anlagen, die Wirtschaftsd\u00fcnger energetisch optimal nutzen wollen<\/p><p class=\"weiss-font\"><strong>Enzyme der ViscoPract\u00ae Serie<\/strong><\/p><p>Probleml\u00f6ser, wenn fast nichts mehr geht!<\/p><\/div><\/div>\t\t\t\t\t\t\t\t<\/div>\n\t\t\t\t<\/div>\n\t\t\t\t\t<\/div>\n\t\t\t\t<\/div>\n\t\t\t\t<\/div>\n\t\t","protected":false},"excerpt":{"rendered":"<p>Leistungen BERATUNG Die genaue Analyse schafft Erfolge. Ein vertrauensvolles Gespr\u00e4ch vor Ort ist wichtig und n\u00f6tig f\u00fcr die Effizienz der sp\u00e4teren Ergebnisse. Fordern Sie uns und \u00fcberpr\u00fcfen Sie unser langj\u00e4hriges Knowhow. Referenzanlagen mit aussagekr\u00e4ftigen Zahlen nennen wir Ihnen gerne im pers\u00f6nlichen Gespr\u00e4ch. WIRKSAMKEIT Die gezielte Steigerung der Bakterien-Popularit\u00e4t. \u201eZahlen, Daten, Fakten\u201c ist eine bew\u00e4hrte Kombination, die wir gerne nutzen und erl\u00e4utern. Sind nur ein paar Werte nicht so wie sie sein sollten, ist die Effektivit\u00e4t des Biogasprozesses erheblich gemindert. Mit gezielten Ma\u00dfnahmen erreichen wir gro\u00dfe Reaktionen \u00a0 ZUSATZSTOFFE Die Fl\u00fcssigkeit zu Ihrem Erfolg. Wir sind ein konsequenter Bef\u00fcrworter der Leistungssteigerung. Alle unsere Bem\u00fchungen sind f\u00fcr Sie darauf ausgerichtet. Ihr Einsatz von Substraten und Zus\u00e4tzen, aber auch Ihr Eigenstromverbrauch kann sich noch effektiver gestalten lassen \u2013 seien Sie gespannt. Spurenelemente Der Energy-Kick f\u00fcr Ihre Produktion Die ChepeX-Reihe gl\u00e4nzt mit h\u00f6chster biologischer Verf\u00fcgbarkeit in Verbindung mit kleinsten Zugaben und individueller Anmischung. Chelate und die fl\u00fcssige Form ergeben eine perfekte Synergie und sind aktuell un\u00fcbertroffen. Abgef\u00fcllt in 20L-, 200L- und 1.000L-Gebinden k\u00f6nnen diese ohne gr\u00f6\u00dferen Aufwand geliefert werden und Ihrer Anlage zu H\u00f6chstleistung verhelfen. EISENN\u00c4HRL\u00d6SUNG Anlagenschutz und Leistungssicherheit durch Schwefelbindung. FENACH ist ein fl\u00fcssiges hocheffizientes Eisenpr\u00e4parat, welches mit Reinheit gl\u00e4nzt. Es ist optimal geeignet f\u00fcr den Einsatz in Kombination mit Spurenelement-Chelaten. Abgef\u00fcllt in 20L-, 200L- und 1.000L-Gebinden zu erhalten. Zahlen, Daten, Fakten: 7,3% Eisengehalt, pH-Wert 7-8, nicht korrosiv, kein Gefahrgut, frostfrei lagern. Betriebswirtschaftlich Sinnvoll! Eisenschlamm: Parameter: erdfeuchtes Eisenhydroxid zur zeitnahen und professionellen Entschwefelung, mit kr\u00fcmeliger, fester Struktur und rot-schwarzbrauner F\u00e4rbung. Der Eisengehalt betr\u00e4gt mindestens 310 g pro kg. Entspricht den Qualit\u00e4tsanforderungen der D\u00fcMV, st\u00e4ndige Kontrolle durch Eurofins Eisen III Hydroxid: FEONX sorb Parameter: Eisen mit hoher Reinheit, hohe Konzentration von amorphem Eisen &#8211; wenig Sedimente, hohe Pufferwirkung, sch\u00fcttig, wenig staubend, trocken und lagerf\u00e4hig, entspricht der D\u00fcngemittelverordnung. Eisen(II)-chlorid Parameter: gr\u00fcne, fl\u00fcssige, hocheffiziente L\u00f6sung mit 20% FeCl2 und 3% MnCl2, schnell und selektive F\u00e4llungsreaktion, Eisensulfidf\u00e4llung unmittelbar im G\u00e4rsubstrat, individuelle Dosierung, pH-Wert \u22641, korrosiv, frostfrei Lagern, ab -15\u00b0C beginnende Kristallisation ENZYME Bessere Substratnutzung Enzyme sind hoch aktive Biokatalysatoren, die den Aufschluss von Pflanzenfasern im Biogasprozess beschleunigen. Ben\u00f6tigt werden Produkte mit geeigneten Enzymprofilen, d.h. Cellulasen und Hemicellulasen, die temperatur- und prozessstabil sind sowie optimale Aktivit\u00e4ten bei den im Biogasfermenter vorherrschenden pH-Werten aufweisen. Speziell f\u00fcr den Einsatz in Biogasanlagen entwickelte Enzyme machen den Unterschied! Aktive Probleml\u00f6sungen Hoch visk\u00f6se Fermenterinhalte, u.a. durch Einsatz von Getreide-GPS und bestimmten Wirtschaftsd\u00fcngern f\u00fchren zur verminderter Leistung und hohem Eigenstrombedarf. Oftmals bilden sich Schwimm-Sink-Schichten, die inaktiv sind und am Geschehen im Biogasprozess nicht teilnehmen. Die richtigen Enzymprodukte k\u00f6nnen hier als biotechnologische Probleml\u00f6ser entscheidend helfen. Unser Partner Biopract ABT GmbH hat die richtigen Antworten: Enzyme der MethaPract\u00ae Serie f\u00fcr die optimale Verg\u00e4rung von pflanzlichen Substraten Enzyme der UltraPract\u00ae Serie f\u00fcr Anlagen, die Wirtschaftsd\u00fcnger energetisch optimal nutzen wollen Enzyme der ViscoPract\u00ae Serie Probleml\u00f6ser, wenn fast nichts mehr geht!<\/p>\n","protected":false},"author":1,"featured_media":0,"parent":0,"menu_order":0,"comment_status":"open","ping_status":"closed","template":"elementor_header_footer","meta":{"_inspiro_hide_title":false,"footnotes":""},"class_list":["post-112","page","type-page","status-publish","hentry"],"_links":{"self":[{"href":"https:\/\/ibe.it-sittensen.de\/index.php?rest_route=\/wp\/v2\/pages\/112","targetHints":{"allow":["GET"]}}],"collection":[{"href":"https:\/\/ibe.it-sittensen.de\/index.php?rest_route=\/wp\/v2\/pages"}],"about":[{"href":"https:\/\/ibe.it-sittensen.de\/index.php?rest_route=\/wp\/v2\/types\/page"}],"author":[{"embeddable":true,"href":"https:\/\/ibe.it-sittensen.de\/index.php?rest_route=\/wp\/v2\/users\/1"}],"replies":[{"embeddable":true,"href":"https:\/\/ibe.it-sittensen.de\/index.php?rest_route=%2Fwp%2Fv2%2Fcomments&post=112"}],"version-history":[{"count":169,"href":"https:\/\/ibe.it-sittensen.de\/index.php?rest_route=\/wp\/v2\/pages\/112\/revisions"}],"predecessor-version":[{"id":1139,"href":"https:\/\/ibe.it-sittensen.de\/index.php?rest_route=\/wp\/v2\/pages\/112\/revisions\/1139"}],"wp:attachment":[{"href":"https:\/\/ibe.it-sittensen.de\/index.php?rest_route=%2Fwp%2Fv2%2Fmedia&parent=112"}],"curies":[{"name":"wp","href":"https:\/\/api.w.org\/{rel}","templated":true}]}}