{"id":122,"date":"2026-02-13T14:28:02","date_gmt":"2026-02-13T14:28:02","guid":{"rendered":"https:\/\/ibe.it-sittensen.de\/?page_id=122"},"modified":"2026-02-17T16:00:21","modified_gmt":"2026-02-17T16:00:21","slug":"impressum","status":"publish","type":"page","link":"https:\/\/ibe.it-sittensen.de\/?page_id=122","title":{"rendered":"Impressum"},"content":{"rendered":"\t\t<div data-elementor-type=\"wp-page\" data-elementor-id=\"122\" class=\"elementor elementor-122\" data-elementor-post-type=\"page\">\n\t\t\t\t<div class=\"elementor-element elementor-element-f043089 e-con-full e-flex wpr-particle-no wpr-jarallax-no wpr-parallax-no wpr-sticky-section-no e-con e-parent\" data-id=\"f043089\" data-element_type=\"container\" data-e-type=\"container\" data-settings=\"{&quot;background_background&quot;:&quot;classic&quot;,&quot;shape_divider_bottom&quot;:&quot;mountains&quot;}\">\n\t\t\t\t<div class=\"elementor-shape elementor-shape-bottom\" aria-hidden=\"true\" data-negative=\"false\">\n\t\t\t<svg xmlns=\"http:\/\/www.w3.org\/2000\/svg\" viewBox=\"0 0 1000 100\" preserveAspectRatio=\"none\">\n\t<path class=\"elementor-shape-fill\" opacity=\"0.33\" d=\"M473,67.3c-203.9,88.3-263.1-34-320.3,0C66,119.1,0,59.7,0,59.7V0h1000v59.7 c0,0-62.1,26.1-94.9,29.3c-32.8,3.3-62.8-12.3-75.8-22.1C806,49.6,745.3,8.7,694.9,4.7S492.4,59,473,67.3z\"\/>\n\t<path class=\"elementor-shape-fill\" opacity=\"0.66\" d=\"M734,67.3c-45.5,0-77.2-23.2-129.1-39.1c-28.6-8.7-150.3-10.1-254,39.1 s-91.7-34.4-149.2,0C115.7,118.3,0,39.8,0,39.8V0h1000v36.5c0,0-28.2-18.5-92.1-18.5C810.2,18.1,775.7,67.3,734,67.3z\"\/>\n\t<path class=\"elementor-shape-fill\" d=\"M766.1,28.9c-200-57.5-266,65.5-395.1,19.5C242,1.8,242,5.4,184.8,20.6C128,35.8,132.3,44.9,89.9,52.5C28.6,63.7,0,0,0,0 h1000c0,0-9.9,40.9-83.6,48.1S829.6,47,766.1,28.9z\"\/>\n<\/svg>\t\t<\/div>\n\t\t\t\t<div class=\"elementor-element elementor-element-88e3efb elementor--h-position-center elementor--v-position-middle elementor-arrows-position-inside elementor-pagination-position-inside elementor-widget elementor-widget-slides\" data-id=\"88e3efb\" data-element_type=\"widget\" data-e-type=\"widget\" data-settings=\"{&quot;transition&quot;:&quot;fade&quot;,&quot;_animation&quot;:&quot;none&quot;,&quot;navigation&quot;:&quot;both&quot;,&quot;autoplay&quot;:&quot;yes&quot;,&quot;pause_on_interaction&quot;:&quot;yes&quot;,&quot;autoplay_speed&quot;:5000,&quot;infinite&quot;:&quot;yes&quot;,&quot;transition_speed&quot;:500}\" data-widget_type=\"slides.default\">\n\t\t\t\t\t\t\t\t\t\t<div class=\"elementor-slides-wrapper elementor-main-swiper swiper\" role=\"region\" aria-roledescription=\"carousel\" aria-label=\"Slider\" dir=\"ltr\" data-animation=\"\">\n\t\t\t\t<div class=\"swiper-wrapper elementor-slides\">\n\t\t\t\t\t\t\t\t\t\t<div class=\"elementor-repeater-item-422ace4 swiper-slide\" role=\"group\" aria-roledescription=\"slide\"><div class=\"swiper-slide-bg\" role=\"img\" aria-label=\"Firefly_ein maisfeld bei sonnenschein mit blauem himmel und leichten wolken, im hintergrund e 52760(1)\"><\/div><div class=\"elementor-background-overlay\"><\/div><div class=\"swiper-slide-inner\" ><div class=\"swiper-slide-contents\"><\/div><\/div><\/div>\t\t\t\t<\/div>\n\t\t\t\t\t\t\t<\/div>\n\t\t\t\t\t\t\t\t<\/div>\n\t\t\t\t<\/div>\n\t\t<div class=\"elementor-element elementor-element-bc9f3ad e-flex e-con-boxed wpr-particle-no wpr-jarallax-no wpr-parallax-no wpr-sticky-section-no e-con e-parent\" data-id=\"bc9f3ad\" data-element_type=\"container\" data-e-type=\"container\">\n\t\t\t\t\t<div class=\"e-con-inner\">\n\t\t<div class=\"elementor-element elementor-element-73371c7 e-flex e-con-boxed wpr-particle-no wpr-jarallax-no wpr-parallax-no wpr-sticky-section-no e-con e-child\" data-id=\"73371c7\" data-element_type=\"container\" data-e-type=\"container\">\n\t\t\t\t\t<div class=\"e-con-inner\">\n\t\t\t\t<div class=\"elementor-element elementor-element-60ff486 elementor-widget elementor-widget-heading\" data-id=\"60ff486\" data-element_type=\"widget\" data-e-type=\"widget\" data-widget_type=\"heading.default\">\n\t\t\t\t\t<h2 class=\"elementor-heading-title elementor-size-default\">RECHTLICHE ANGABEN<\/h2>\t\t\t\t<\/div>\n\t\t\t\t<div class=\"elementor-element elementor-element-318145c elementor-widget elementor-widget-text-editor\" data-id=\"318145c\" data-element_type=\"widget\" data-e-type=\"widget\" data-widget_type=\"text-editor.default\">\n\t\t\t\t\t\t\t\t\t<div class=\"auto-style1\"><h3 class=\"auto-style1\">Anbieterkennzeichnung:<\/h3><p><strong>IBE Innovative BioEnergy<\/strong><br \/>Am Markt 3<br \/>27419 Sittensen<\/p><p>Steffen Stahlberg<br \/>Mobil: +49 152 03484131<br \/>Telefon: +49 4282 8016999<br \/>Telefax: +49 4282 8016957<br \/><a href=\"mailto:info@innovative-bio-energy.de\">info@innovative-bio-energy.de<\/a><\/p><h3 class=\"auto-style1\">Inhalt des Onlineangebotes<\/h3><p>Der Verfasser \u00fcbernimmt keinerlei Gew\u00e4hr f\u00fcr die Aktualit\u00e4t, Vollst\u00e4ndigkeit oder Korrektheit der bereitgestellten Informationen. Haftungsanspr\u00fcche gegen den Verfasser, welche sich auf Sch\u00e4den materieller oder ideeller Art beziehen, die durch die Nutzung oder Nichtnutzung der dargebotenen Informationen bzw. durch die Nutzung fehlerhafter und unvollst\u00e4ndiger Informationen verursacht wurden, sind grunds\u00e4tzlich ausgeschlossen, sofern seitens des Verfassers kein nachweislich vors\u00e4tzliches oder grob fahrl\u00e4ssiges Verschulden vorliegt. Alle Angebote sind freibleibend und unverbindlich. Der Verfasser beh\u00e4lt sich ausdr\u00fccklich vor, Teile der Seiten oder das gesamte Angebot ohne Ank\u00fcndigung zu ver\u00e4ndern, zu erg\u00e4nzen, zu l\u00f6schen oder die Ver\u00f6ffentlichung zeitweise oder endg\u00fcltig einzustellen.<\/p><h3 class=\"auto-style1\">Verweise und Links<\/h3><p>Bei direkten oder indirekten Verweisen auf fremde Webseiten (\u201eLinks\u201c), die au\u00dferhalb des Verantwortungsbereiches des Verfassers liegen, w\u00fcrde eine Haftungsverpflichtung ausschlie\u00dflich in dem Fall in Kraft treten, in dem der Verfasser von den Inhalten Kenntnis hat und es ihm technisch m\u00f6glich w\u00e4re, die Nutzung im Falle rechtswidriger Inhalte zu verhindern.<\/p><p>Der Verfasser erkl\u00e4rt hiermit ausdr\u00fccklich, dass zum Zeitpunkt der Linksetzung keine illegalen Inhalte auf den zu verlinkenden Seiten erkennbar waren. Auf die aktuelle und zuk\u00fcnftige Gestaltung, die Inhalte oder die Urheberschaft der gelinkten Seiten hat der Verfasser keinerlei Einfluss und distanziert sich hiermit ausdr\u00fccklich von allen Inhalten aller verkn\u00fcpften Seiten, die nach der Linksetzung ver\u00e4ndert wurden. Diese Feststellung gilt f\u00fcr alle innerhalb des eigenen Internetangebotes gesetzten Links und Verweise sowie f\u00fcr Fremdeintr\u00e4ge in den vom Verfasser eingerichteten G\u00e4steb\u00fcchern, Diskussionsforen und Mailing-Listen. F\u00fcr illegale, fehlerhafte oder unvollst\u00e4ndige Inhalte und insbesondere f\u00fcr Sch\u00e4den, die aus der Nutzung oder Nichtnutzung solcherart dargebotenen Informationen entstehen, haftet allein der Anbieter der Seite, auf welche verwiesen wurde, nicht derjenige, der \u00fcber Links auf die jeweilige Ver\u00f6ffentlichung verweist.<\/p><h3><span class=\"auto-style1\">Urheber- und Kennzeichen<\/span>recht<\/h3><p>Das Copyright f\u00fcr ver\u00f6ffentlichte, vom Verfasser selbst erstellte Objekte bleibt allein beim Verfasser der Seiten. Eine Vervielf\u00e4ltigung oder Verwendung solcher Grafiken, Videosequenzen und Texte in anderen elektronischen oder gedruckten Publikationen, ist ohne ausdr\u00fcckliche Zustimmung des Verfassers nicht gestattet.<\/p><h3 class=\"auto-style1\">Rechtswirksamkeit dieses Haftungsausschlusses<\/h3><p>Dieser Haftungsausschluss ist als Teil des Internetangebotes zu betrachten, von dem aus auf diese Seite verweisen wurde. Sofern Teile oder einzelne Formulierungen dieses Textes der geltenden Rechtslage nicht entsprechen sollten, bleiben die \u00fcbrigen Teile des Dokumentes in ihrem Inhalt und ihrer G\u00fcltigkeit davon unber\u00fchrt.<\/p><h3 class=\"auto-style1\">Webdesign:<\/h3><p>Programmierung, Texte und Fotos<br \/><strong>TOP IT SERVICE<\/strong> <br \/>Tim Fiebach &#8211; Sittensen<br \/><a href=\"https:\/\/www.top-it-service.com\" target=\"_blank\" rel=\"noopener\">www.top-it-service.com<\/a><\/p><\/div>\t\t\t\t\t\t\t\t<\/div>\n\t\t\t\t\t<\/div>\n\t\t\t\t<\/div>\n\t\t\t\t\t<\/div>\n\t\t\t\t<\/div>\n\t\t\t\t<\/div>\n\t\t","protected":false},"excerpt":{"rendered":"<p>RECHTLICHE ANGABEN Anbieterkennzeichnung: IBE Innovative BioEnergyAm Markt 327419 Sittensen Steffen StahlbergMobil: +49 152 03484131Telefon: +49 4282 8016999Telefax: +49 4282 8016957info@innovative-bio-energy.de Inhalt des Onlineangebotes Der Verfasser \u00fcbernimmt keinerlei Gew\u00e4hr f\u00fcr die Aktualit\u00e4t, Vollst\u00e4ndigkeit oder Korrektheit der bereitgestellten Informationen. Haftungsanspr\u00fcche gegen den Verfasser, welche sich auf Sch\u00e4den materieller oder ideeller Art beziehen, die durch die Nutzung oder Nichtnutzung der dargebotenen Informationen bzw. durch die Nutzung fehlerhafter und unvollst\u00e4ndiger Informationen verursacht wurden, sind grunds\u00e4tzlich ausgeschlossen, sofern seitens des Verfassers kein nachweislich vors\u00e4tzliches oder grob fahrl\u00e4ssiges Verschulden vorliegt. Alle Angebote sind freibleibend und unverbindlich. Der Verfasser beh\u00e4lt sich ausdr\u00fccklich vor, Teile der Seiten oder das gesamte Angebot ohne Ank\u00fcndigung zu ver\u00e4ndern, zu erg\u00e4nzen, zu l\u00f6schen oder die Ver\u00f6ffentlichung zeitweise oder endg\u00fcltig einzustellen. Verweise und Links Bei direkten oder indirekten Verweisen auf fremde Webseiten (\u201eLinks\u201c), die au\u00dferhalb des Verantwortungsbereiches des Verfassers liegen, w\u00fcrde eine Haftungsverpflichtung ausschlie\u00dflich in dem Fall in Kraft treten, in dem der Verfasser von den Inhalten Kenntnis hat und es ihm technisch m\u00f6glich w\u00e4re, die Nutzung im Falle rechtswidriger Inhalte zu verhindern. Der Verfasser erkl\u00e4rt hiermit ausdr\u00fccklich, dass zum Zeitpunkt der Linksetzung keine illegalen Inhalte auf den zu verlinkenden Seiten erkennbar waren. Auf die aktuelle und zuk\u00fcnftige Gestaltung, die Inhalte oder die Urheberschaft der gelinkten Seiten hat der Verfasser keinerlei Einfluss und distanziert sich hiermit ausdr\u00fccklich von allen Inhalten aller verkn\u00fcpften Seiten, die nach der Linksetzung ver\u00e4ndert wurden. Diese Feststellung gilt f\u00fcr alle innerhalb des eigenen Internetangebotes gesetzten Links und Verweise sowie f\u00fcr Fremdeintr\u00e4ge in den vom Verfasser eingerichteten G\u00e4steb\u00fcchern, Diskussionsforen und Mailing-Listen. F\u00fcr illegale, fehlerhafte oder unvollst\u00e4ndige Inhalte und insbesondere f\u00fcr Sch\u00e4den, die aus der Nutzung oder Nichtnutzung solcherart dargebotenen Informationen entstehen, haftet allein der Anbieter der Seite, auf welche verwiesen wurde, nicht derjenige, der \u00fcber Links auf die jeweilige Ver\u00f6ffentlichung verweist. Urheber- und Kennzeichenrecht Das Copyright f\u00fcr ver\u00f6ffentlichte, vom Verfasser selbst erstellte Objekte bleibt allein beim Verfasser der Seiten. Eine Vervielf\u00e4ltigung oder Verwendung solcher Grafiken, Videosequenzen und Texte in anderen elektronischen oder gedruckten Publikationen, ist ohne ausdr\u00fcckliche Zustimmung des Verfassers nicht gestattet. Rechtswirksamkeit dieses Haftungsausschlusses Dieser Haftungsausschluss ist als Teil des Internetangebotes zu betrachten, von dem aus auf diese Seite verweisen wurde. Sofern Teile oder einzelne Formulierungen dieses Textes der geltenden Rechtslage nicht entsprechen sollten, bleiben die \u00fcbrigen Teile des Dokumentes in ihrem Inhalt und ihrer G\u00fcltigkeit davon unber\u00fchrt. Webdesign: Programmierung, Texte und FotosTOP IT SERVICE Tim Fiebach &#8211; Sittensenwww.top-it-service.com<\/p>\n","protected":false},"author":1,"featured_media":0,"parent":0,"menu_order":0,"comment_status":"open","ping_status":"closed","template":"elementor_header_footer","meta":{"_inspiro_hide_title":false,"footnotes":""},"class_list":["post-122","page","type-page","status-publish","hentry"],"_links":{"self":[{"href":"https:\/\/ibe.it-sittensen.de\/index.php?rest_route=\/wp\/v2\/pages\/122","targetHints":{"allow":["GET"]}}],"collection":[{"href":"https:\/\/ibe.it-sittensen.de\/index.php?rest_route=\/wp\/v2\/pages"}],"about":[{"href":"https:\/\/ibe.it-sittensen.de\/index.php?rest_route=\/wp\/v2\/types\/page"}],"author":[{"embeddable":true,"href":"https:\/\/ibe.it-sittensen.de\/index.php?rest_route=\/wp\/v2\/users\/1"}],"replies":[{"embeddable":true,"href":"https:\/\/ibe.it-sittensen.de\/index.php?rest_route=%2Fwp%2Fv2%2Fcomments&post=122"}],"version-history":[{"count":7,"href":"https:\/\/ibe.it-sittensen.de\/index.php?rest_route=\/wp\/v2\/pages\/122\/revisions"}],"predecessor-version":[{"id":750,"href":"https:\/\/ibe.it-sittensen.de\/index.php?rest_route=\/wp\/v2\/pages\/122\/revisions\/750"}],"wp:attachment":[{"href":"https:\/\/ibe.it-sittensen.de\/index.php?rest_route=%2Fwp%2Fv2%2Fmedia&parent=122"}],"curies":[{"name":"wp","href":"https:\/\/api.w.org\/{rel}","templated":true}]}}