{"id":124,"date":"2026-02-13T14:28:10","date_gmt":"2026-02-13T14:28:10","guid":{"rendered":"https:\/\/ibe.it-sittensen.de\/?page_id=124"},"modified":"2026-02-17T15:59:51","modified_gmt":"2026-02-17T15:59:51","slug":"datenschutz","status":"publish","type":"page","link":"https:\/\/ibe.it-sittensen.de\/?page_id=124","title":{"rendered":"Datenschutz"},"content":{"rendered":"\t\t<div data-elementor-type=\"wp-page\" data-elementor-id=\"124\" class=\"elementor elementor-124\" data-elementor-post-type=\"page\">\n\t\t\t\t<div class=\"elementor-element elementor-element-821bfd0 e-con-full e-flex wpr-particle-no wpr-jarallax-no wpr-parallax-no wpr-sticky-section-no e-con e-parent\" data-id=\"821bfd0\" data-element_type=\"container\" data-e-type=\"container\" data-settings=\"{&quot;background_background&quot;:&quot;classic&quot;,&quot;shape_divider_bottom&quot;:&quot;mountains&quot;}\">\n\t\t\t\t<div class=\"elementor-shape elementor-shape-bottom\" aria-hidden=\"true\" data-negative=\"false\">\n\t\t\t<svg xmlns=\"http:\/\/www.w3.org\/2000\/svg\" viewBox=\"0 0 1000 100\" preserveAspectRatio=\"none\">\n\t<path class=\"elementor-shape-fill\" opacity=\"0.33\" d=\"M473,67.3c-203.9,88.3-263.1-34-320.3,0C66,119.1,0,59.7,0,59.7V0h1000v59.7 c0,0-62.1,26.1-94.9,29.3c-32.8,3.3-62.8-12.3-75.8-22.1C806,49.6,745.3,8.7,694.9,4.7S492.4,59,473,67.3z\"\/>\n\t<path class=\"elementor-shape-fill\" opacity=\"0.66\" d=\"M734,67.3c-45.5,0-77.2-23.2-129.1-39.1c-28.6-8.7-150.3-10.1-254,39.1 s-91.7-34.4-149.2,0C115.7,118.3,0,39.8,0,39.8V0h1000v36.5c0,0-28.2-18.5-92.1-18.5C810.2,18.1,775.7,67.3,734,67.3z\"\/>\n\t<path class=\"elementor-shape-fill\" d=\"M766.1,28.9c-200-57.5-266,65.5-395.1,19.5C242,1.8,242,5.4,184.8,20.6C128,35.8,132.3,44.9,89.9,52.5C28.6,63.7,0,0,0,0 h1000c0,0-9.9,40.9-83.6,48.1S829.6,47,766.1,28.9z\"\/>\n<\/svg>\t\t<\/div>\n\t\t\t\t<div class=\"elementor-element elementor-element-ca6fea3 elementor--h-position-center elementor--v-position-middle elementor-arrows-position-inside elementor-pagination-position-inside elementor-widget elementor-widget-slides\" data-id=\"ca6fea3\" data-element_type=\"widget\" data-e-type=\"widget\" data-settings=\"{&quot;transition&quot;:&quot;fade&quot;,&quot;_animation&quot;:&quot;none&quot;,&quot;navigation&quot;:&quot;both&quot;,&quot;autoplay&quot;:&quot;yes&quot;,&quot;pause_on_interaction&quot;:&quot;yes&quot;,&quot;autoplay_speed&quot;:5000,&quot;infinite&quot;:&quot;yes&quot;,&quot;transition_speed&quot;:500}\" data-widget_type=\"slides.default\">\n\t\t\t\t\t\t\t\t\t\t<div class=\"elementor-slides-wrapper elementor-main-swiper swiper\" role=\"region\" aria-roledescription=\"carousel\" aria-label=\"Slider\" dir=\"ltr\" data-animation=\"\">\n\t\t\t\t<div class=\"swiper-wrapper elementor-slides\">\n\t\t\t\t\t\t\t\t\t\t<div class=\"elementor-repeater-item-422ace4 swiper-slide\" role=\"group\" aria-roledescription=\"slide\"><div class=\"swiper-slide-bg\" role=\"img\" aria-label=\"Firefly_eine biogasanlage von oben mit traktoren 591459\"><\/div><div class=\"elementor-background-overlay\"><\/div><div class=\"swiper-slide-inner\" ><div class=\"swiper-slide-contents\"><\/div><\/div><\/div>\t\t\t\t<\/div>\n\t\t\t\t\t\t\t<\/div>\n\t\t\t\t\t\t\t\t<\/div>\n\t\t\t\t<\/div>\n\t\t<div class=\"elementor-element elementor-element-85e42c1 e-flex e-con-boxed wpr-particle-no wpr-jarallax-no wpr-parallax-no wpr-sticky-section-no e-con e-parent\" data-id=\"85e42c1\" data-element_type=\"container\" data-e-type=\"container\">\n\t\t\t\t\t<div class=\"e-con-inner\">\n\t\t<div class=\"elementor-element elementor-element-2db7a00 e-flex e-con-boxed wpr-particle-no wpr-jarallax-no wpr-parallax-no wpr-sticky-section-no e-con e-child\" data-id=\"2db7a00\" data-element_type=\"container\" data-e-type=\"container\">\n\t\t\t\t\t<div class=\"e-con-inner\">\n\t\t\t\t<div class=\"elementor-element elementor-element-99ceec9 elementor-widget elementor-widget-heading\" data-id=\"99ceec9\" data-element_type=\"widget\" data-e-type=\"widget\" data-widget_type=\"heading.default\">\n\t\t\t\t\t<h2 class=\"elementor-heading-title elementor-size-default\">DATENSCHUTZERKL\u00c4RUNG<\/h2>\t\t\t\t<\/div>\n\t\t\t\t<div class=\"elementor-element elementor-element-6e5853e elementor-widget elementor-widget-text-editor\" data-id=\"6e5853e\" data-element_type=\"widget\" data-e-type=\"widget\" data-widget_type=\"text-editor.default\">\n\t\t\t\t\t\t\t\t\t<div class=\"auto-style1\"><p>IBE Innovative BioEnergy<br \/>Am Markt 3<br \/>D-27419 Sittensen<\/p><p>Steffen Stahlberg<br \/>Mobil: +49 152 03484131<br \/>Telefon: +49 4282 8016999<br \/>Telefax: +49 4282 8016957<br \/><a href=\"mailto:info@innovative-bio-energy.de?subject=Kontakt \u00fcber die Homepage\">info@innovative-bio-energy.de<\/a><\/p><h3>Datenschutz<\/h3><p>Ihre personenbezogenen Daten und deren Schutz bei der Erhebung, Verarbeitung und Nutzung anl\u00e4sslich Ihres Besuchs auf unserer Homepage ist uns ein wichtiges Anliegen. Ihre Daten werden im Rahmen der gesetzlichen Vorschriften gesch\u00fctzt. Wir halten uns strikt an die Regeln der Datenschutzgesetze. Nachfolgend finden Sie Informationen, welche Daten w\u00e4hrend Ihres Besuchs auf der Homepage erfasst und wie diese genutzt werden:<\/p><h3>Erhebung und Verarbeitung von Daten<\/h3><p>Jeder Zugriff auf unsere Homepage und jeder Abruf einer auf der Homepage hinterlegten Datei, werden auf der sogenannten Logdatei protokolliert. Die Speicherung dient internen systembezogenen und statistischen Zwecken.<\/p><p><strong>Aufgezeichnet werden folgende Daten:<\/strong><\/p><p>\u2022 Browserversion und Browsertyp<br \/>\u2022 verwendetes Betriebssystem<br \/>\u2022 Referrer URL<br \/>\u2022 Hostname des zugreifenden Rechners<br \/>\u2022 Uhrzeit der Serveranfrage<\/p><p>Diese Daten sind f\u00fcr uns nicht bestimmten Personen zuordenbar und werden nach einer statistischen Auswertung gel\u00f6scht. Eine Zusammenf\u00fchrung dieser Daten mit anderen Datenquellen wird nicht vorgenommen. Dar\u00fcber hinausgehend personenbezogene Daten werden nur erfasst, wenn Sie diese Angaben freiwillig, etwa im Rahmen einer von Ihnen pers\u00f6nlich veranlassten Kontaktaufnahme, Anfrage oder Registrierung, machen.<\/p><h3>Nutzung und Weitergabe personenbezogener Daten<\/h3><p>1. F\u00fcr den Fall, dass Sie uns personenbezogene Daten zur Verf\u00fcgung gestellt haben, verwenden wir diese ausschlie\u00dflich zum Zwecke der Beantwortung Ihrer Anfragen, zur Abwicklung vertraglicher Beziehungen mit Ihnen sowie f\u00fcr die technische Administration.<\/p><p>2. Eine Weitergabe Ihrer personenbezogenen Daten an Dritte erfolgt nur dann, wenn dies dem Zweck der Vertragsabwicklung mit Ihnen dient, wie etwa zu Abrechnungszwecken oder wenn Sie zuvor eine Einwilligung erkl\u00e4rt haben.<\/p><p>3. Ihre erteilte Einwilligung k\u00f6nnen Sie jederzeit mit Wirkung f\u00fcr die Zukunft widerrufen.<\/p><p>4. Im Falle des Widerrufs Ihrer Einwilligung zur Speicherung Ihrer personenbezogenen Daten werden diese gel\u00f6scht, soweit die Speicherung zur Erf\u00fcllung des verfolgten Zwecks nicht mehr erforderlich ist oder eine Datenspeicherung gesetzeswidrig ist.<\/p><h3>Recht auf Auskunft, L\u00f6schung, Sperrung<\/h3><p>Sie haben jederzeit das Recht auf unentgeltliche Auskunft \u00fcber Ihre gespeicherten personenbe-zogenen Daten, deren Herkunft und Empf\u00e4nger und den Zweck der Datenverarbeitung sowie ein Recht auf Berichtigung, Sperrung oder L\u00f6schung dieser Daten. Hierzu sowie zu weiteren Fragen zum Thema personenbezogene Daten k\u00f6nnen Sie sich jederzeit an uns wenden.<\/p><h3>L\u00f6schfristen<\/h3><p>Ihre personenbezogenen Daten speichern wir generell nur so lange, wie sie f\u00fcr den angegebenen Zweck ben\u00f6tigt werden.<\/p><h3>Sicherheitshinweis<\/h3><p>Ihre personenbezogenen Daten werden unter Aussch\u00f6pfung der hierf\u00fcr technischen und organisatorischen Mittel m\u00f6glichst so gespeichert, dass sie f\u00fcr Dritte nicht zug\u00e4nglich sind. Da aber bei der Kommunikation per E Mail eine vollst\u00e4ndige Datensicherheit von uns nicht gew\u00e4hrleistet werden kann, empfehlen wir Ihnen im Falle von vertraulichen Informationen den Postweg.<\/p><\/div>\t\t\t\t\t\t\t\t<\/div>\n\t\t\t\t<div class=\"elementor-element elementor-element-a202a91 elementor-widget elementor-widget-text-editor\" data-id=\"a202a91\" data-element_type=\"widget\" data-e-type=\"widget\" data-widget_type=\"text-editor.default\">\n\t\t\t\t\t\t\t\t\t<p><strong>IBE Innovative BioEnergy<\/strong><br \/>Am Markt 3<br \/>D-27419 Sittensen<\/p><p>Telefon: +49 4282 8016999<br \/>Telefax: +49 4282 8016957<br \/><a href=\"mailto:info@innovative-bio-energy.de?subject=Kontakt \u00fcber die Homepage\"> <span class=\"weiss-font\">info@innovative-bio-energy.de<\/span><\/a><\/p>\t\t\t\t\t\t\t\t<\/div>\n\t\t\t\t\t<\/div>\n\t\t\t\t<\/div>\n\t\t\t\t\t<\/div>\n\t\t\t\t<\/div>\n\t\t\t\t<\/div>\n\t\t","protected":false},"excerpt":{"rendered":"<p>DATENSCHUTZERKL\u00c4RUNG IBE Innovative BioEnergyAm Markt 3D-27419 Sittensen Steffen StahlbergMobil: +49 152 03484131Telefon: +49 4282 8016999Telefax: +49 4282 8016957info@innovative-bio-energy.de Datenschutz Ihre personenbezogenen Daten und deren Schutz bei der Erhebung, Verarbeitung und Nutzung anl\u00e4sslich Ihres Besuchs auf unserer Homepage ist uns ein wichtiges Anliegen. Ihre Daten werden im Rahmen der gesetzlichen Vorschriften gesch\u00fctzt. Wir halten uns strikt an die Regeln der Datenschutzgesetze. Nachfolgend finden Sie Informationen, welche Daten w\u00e4hrend Ihres Besuchs auf der Homepage erfasst und wie diese genutzt werden: Erhebung und Verarbeitung von Daten Jeder Zugriff auf unsere Homepage und jeder Abruf einer auf der Homepage hinterlegten Datei, werden auf der sogenannten Logdatei protokolliert. Die Speicherung dient internen systembezogenen und statistischen Zwecken. Aufgezeichnet werden folgende Daten: \u2022 Browserversion und Browsertyp\u2022 verwendetes Betriebssystem\u2022 Referrer URL\u2022 Hostname des zugreifenden Rechners\u2022 Uhrzeit der Serveranfrage Diese Daten sind f\u00fcr uns nicht bestimmten Personen zuordenbar und werden nach einer statistischen Auswertung gel\u00f6scht. Eine Zusammenf\u00fchrung dieser Daten mit anderen Datenquellen wird nicht vorgenommen. Dar\u00fcber hinausgehend personenbezogene Daten werden nur erfasst, wenn Sie diese Angaben freiwillig, etwa im Rahmen einer von Ihnen pers\u00f6nlich veranlassten Kontaktaufnahme, Anfrage oder Registrierung, machen. Nutzung und Weitergabe personenbezogener Daten 1. F\u00fcr den Fall, dass Sie uns personenbezogene Daten zur Verf\u00fcgung gestellt haben, verwenden wir diese ausschlie\u00dflich zum Zwecke der Beantwortung Ihrer Anfragen, zur Abwicklung vertraglicher Beziehungen mit Ihnen sowie f\u00fcr die technische Administration. 2. Eine Weitergabe Ihrer personenbezogenen Daten an Dritte erfolgt nur dann, wenn dies dem Zweck der Vertragsabwicklung mit Ihnen dient, wie etwa zu Abrechnungszwecken oder wenn Sie zuvor eine Einwilligung erkl\u00e4rt haben. 3. Ihre erteilte Einwilligung k\u00f6nnen Sie jederzeit mit Wirkung f\u00fcr die Zukunft widerrufen. 4. Im Falle des Widerrufs Ihrer Einwilligung zur Speicherung Ihrer personenbezogenen Daten werden diese gel\u00f6scht, soweit die Speicherung zur Erf\u00fcllung des verfolgten Zwecks nicht mehr erforderlich ist oder eine Datenspeicherung gesetzeswidrig ist. Recht auf Auskunft, L\u00f6schung, Sperrung Sie haben jederzeit das Recht auf unentgeltliche Auskunft \u00fcber Ihre gespeicherten personenbe-zogenen Daten, deren Herkunft und Empf\u00e4nger und den Zweck der Datenverarbeitung sowie ein Recht auf Berichtigung, Sperrung oder L\u00f6schung dieser Daten. Hierzu sowie zu weiteren Fragen zum Thema personenbezogene Daten k\u00f6nnen Sie sich jederzeit an uns wenden. L\u00f6schfristen Ihre personenbezogenen Daten speichern wir generell nur so lange, wie sie f\u00fcr den angegebenen Zweck ben\u00f6tigt werden. Sicherheitshinweis Ihre personenbezogenen Daten werden unter Aussch\u00f6pfung der hierf\u00fcr technischen und organisatorischen Mittel m\u00f6glichst so gespeichert, dass sie f\u00fcr Dritte nicht zug\u00e4nglich sind. Da aber bei der Kommunikation per E Mail eine vollst\u00e4ndige Datensicherheit von uns nicht gew\u00e4hrleistet werden kann, empfehlen wir Ihnen im Falle von vertraulichen Informationen den Postweg. IBE Innovative BioEnergyAm Markt 3D-27419 Sittensen Telefon: +49 4282 8016999Telefax: +49 4282 8016957 info@innovative-bio-energy.de<\/p>\n","protected":false},"author":1,"featured_media":0,"parent":0,"menu_order":0,"comment_status":"closed","ping_status":"closed","template":"elementor_header_footer","meta":{"_inspiro_hide_title":false,"footnotes":""},"class_list":["post-124","page","type-page","status-publish","hentry"],"_links":{"self":[{"href":"https:\/\/ibe.it-sittensen.de\/index.php?rest_route=\/wp\/v2\/pages\/124","targetHints":{"allow":["GET"]}}],"collection":[{"href":"https:\/\/ibe.it-sittensen.de\/index.php?rest_route=\/wp\/v2\/pages"}],"about":[{"href":"https:\/\/ibe.it-sittensen.de\/index.php?rest_route=\/wp\/v2\/types\/page"}],"author":[{"embeddable":true,"href":"https:\/\/ibe.it-sittensen.de\/index.php?rest_route=\/wp\/v2\/users\/1"}],"replies":[{"embeddable":true,"href":"https:\/\/ibe.it-sittensen.de\/index.php?rest_route=%2Fwp%2Fv2%2Fcomments&post=124"}],"version-history":[{"count":7,"href":"https:\/\/ibe.it-sittensen.de\/index.php?rest_route=\/wp\/v2\/pages\/124\/revisions"}],"predecessor-version":[{"id":747,"href":"https:\/\/ibe.it-sittensen.de\/index.php?rest_route=\/wp\/v2\/pages\/124\/revisions\/747"}],"wp:attachment":[{"href":"https:\/\/ibe.it-sittensen.de\/index.php?rest_route=%2Fwp%2Fv2%2Fmedia&parent=124"}],"curies":[{"name":"wp","href":"https:\/\/api.w.org\/{rel}","templated":true}]}}